{"id":11,"date":"2023-02-11T10:40:49","date_gmt":"2023-02-11T07:40:49","guid":{"rendered":"https:\/\/cesrey.com\/blog\/?page_id=11"},"modified":"2023-02-11T10:40:49","modified_gmt":"2023-02-11T07:40:49","slug":"satis-ortakligi","status":"publish","type":"page","link":"https:\/\/cesrey.com\/blog\/satis-ortakligi\/","title":{"rendered":"Sat\u0131\u015f Ortakl\u0131\u011f\u0131"},"content":{"rendered":"\n<p>cesrey.com Sat\u0131\u015f ortakl\u0131\u011f\u0131 sistemi<\/p>\n\n\n\n<p>Bolu Merkezli Cesrey Bili\u015fim Teknolojileri A.\u015e Veri merkezi hizmetleri sunan teknoloji \u015firketimize kazand\u0131rd\u0131\u011f\u0131n\u0131z her yeni m\u00fc\u015fterinin ger\u00e7ekle\u015ftirmi\u015f oldu\u011fu <strong>sipari\u015f \u00fczerinden %30 komisyon alma imkan\u0131 sa\u011fl\u0131yoruz.<\/strong><\/p>\n\n\n\n<p><\/p>\n\n\n\n<p>Sistemimizde kay\u0131t i\u015flemlerini takip etmek i\u00e7in cookie (\u00e7erez) y\u00f6ntemi kullan\u0131lmakta olup referans ba\u011flant\u0131n\u0131z ile gelen ziyaret\u00e7ilerin cookie (\u00e7erez) bilgileri 90 g\u00fcn ge\u00e7erlidir. Yani referans ba\u011flant\u0131n\u0131z\u0131 kullanarak sitemize gelen bir ziyaret\u00e7i hemen sat\u0131n alma i\u015flemi ger\u00e7ekle\u015ftirmese dahi, 90 g\u00fcnl\u00fck s\u00fcre i\u00e7erisinde tekrardan gelip sat\u0131n alma i\u015flemi ger\u00e7ekle\u015ftirmesi durumunda komisyon kazanmaktas\u0131n\u0131z.<\/p>\n\n\n\n<p><\/p>\n\n\n\n<p>\u00d6demelerinizi Havale\/EFT veya hesab\u0131n\u0131za eklenecek kredi ile kullanabilirsiniz.<\/p>\n\n\n\n<p><strong>Sat\u0131\u015f ortakl\u0131\u011f\u0131<\/strong> Alan ad\u0131 sipari\u015flerin de ge\u00e7erli de\u011fildir.Di\u011fer t\u00fcm \u00fcr\u00fcnlerimiz de aktif sa\u011flanmaktad\u0131r.<\/p>\n\n\n\n<p class=\"has-text-align-center\"><strong><a href=\"https:\/\/www.client.cesrey.com\/affiliates.php\" target=\"_blank\" rel=\"noreferrer noopener\">Sat\u0131\u015f Ortakl\u0131\u011f\u0131 sisteminden faydalanmak i\u00e7in bu ba\u011flant\u0131y\u0131 kullanabilirsiniz<\/a><\/strong><\/p>\n\n\n\n<p><\/p>\n","protected":false},"excerpt":{"rendered":"<p>cesrey.com Sat\u0131\u015f ortakl\u0131\u011f\u0131 sistemi Bolu Merkezli Cesrey Bili\u015fim Teknolojileri A.\u015e Veri merkezi hizmetleri sunan teknoloji \u015firketimize kazand\u0131rd\u0131\u011f\u0131n\u0131z her yeni m\u00fc\u015fterinin ger\u00e7ekle\u015ftirmi\u015f oldu\u011fu sipari\u015f \u00fczerinden %30 komisyon alma imkan\u0131 sa\u011fl\u0131yoruz. Sistemimizde kay\u0131t i\u015flemlerini takip etmek i\u00e7in cookie (\u00e7erez) y\u00f6ntemi kullan\u0131lmakta olup referans ba\u011flant\u0131n\u0131z ile gelen ziyaret\u00e7ilerin cookie (\u00e7erez) bilgileri 90 g\u00fcn ge\u00e7erlidir. Yani referans ba\u011flant\u0131n\u0131z\u0131 kullanarak [&hellip;]<\/p>\n","protected":false},"author":1,"featured_media":12,"parent":0,"menu_order":0,"comment_status":"closed","ping_status":"closed","template":"","meta":{"footnotes":""},"class_list":["post-11","page","type-page","status-publish","has-post-thumbnail","hentry"],"yoast_head":"<!-- This site is optimized with the Yoast SEO plugin v20.10 - https:\/\/yoast.com\/wordpress\/plugins\/seo\/ -->\n<title>Sat\u0131\u015f Ortakl\u0131\u011f\u0131 - Cesrey Web Hosting Blog<\/title>\n<meta name=\"robots\" content=\"index, follow, max-snippet:-1, max-image-preview:large, max-video-preview:-1\" \/>\n<link rel=\"canonical\" href=\"https:\/\/cesrey.com\/blog\/satis-ortakligi\/\" \/>\n<meta property=\"og:locale\" content=\"tr_TR\" \/>\n<meta property=\"og:type\" content=\"article\" \/>\n<meta property=\"og:title\" content=\"Sat\u0131\u015f Ortakl\u0131\u011f\u0131 - Cesrey Web Hosting Blog\" \/>\n<meta property=\"og:description\" content=\"cesrey.com Sat\u0131\u015f ortakl\u0131\u011f\u0131 sistemi Bolu Merkezli Cesrey Bili\u015fim Teknolojileri A.\u015e Veri merkezi hizmetleri sunan teknoloji \u015firketimize kazand\u0131rd\u0131\u011f\u0131n\u0131z her yeni m\u00fc\u015fterinin ger\u00e7ekle\u015ftirmi\u015f oldu\u011fu sipari\u015f \u00fczerinden %30 komisyon alma imkan\u0131 sa\u011fl\u0131yoruz. Sistemimizde kay\u0131t i\u015flemlerini takip etmek i\u00e7in cookie (\u00e7erez) y\u00f6ntemi kullan\u0131lmakta olup referans ba\u011flant\u0131n\u0131z ile gelen ziyaret\u00e7ilerin cookie (\u00e7erez) bilgileri 90 g\u00fcn ge\u00e7erlidir. Yani referans ba\u011flant\u0131n\u0131z\u0131 kullanarak [&hellip;]\" \/>\n<meta property=\"og:url\" content=\"https:\/\/cesrey.com\/blog\/satis-ortakligi\/\" \/>\n<meta property=\"og:site_name\" content=\"Cesrey Web Hosting Blog\" \/>\n<meta property=\"og:image\" content=\"https:\/\/cesrey.com\/blog\/wp-content\/uploads\/2023\/02\/satis-ortakligi-nedir.jpg\" \/>\n\t<meta property=\"og:image:width\" content=\"850\" \/>\n\t<meta property=\"og:image:height\" content=\"417\" \/>\n\t<meta property=\"og:image:type\" content=\"image\/jpeg\" \/>\n<meta name=\"twitter:card\" content=\"summary_large_image\" \/>\n<meta name=\"twitter:label1\" content=\"Tahmini okuma s\u00fcresi\" \/>\n\t<meta name=\"twitter:data1\" content=\"1 dakika\" \/>\n<script type=\"application\/ld+json\" class=\"yoast-schema-graph\">{\"@context\":\"https:\/\/schema.org\",\"@graph\":[{\"@type\":\"WebPage\",\"@id\":\"https:\/\/cesrey.com\/blog\/satis-ortakligi\/\",\"url\":\"https:\/\/cesrey.com\/blog\/satis-ortakligi\/\",\"name\":\"Sat\u0131\u015f Ortakl\u0131\u011f\u0131 - Cesrey Web Hosting Blog\",\"isPartOf\":{\"@id\":\"https:\/\/cesrey.com\/blog\/#website\"},\"datePublished\":\"2023-02-11T07:40:49+00:00\",\"dateModified\":\"2023-02-11T07:40:49+00:00\",\"breadcrumb\":{\"@id\":\"https:\/\/cesrey.com\/blog\/satis-ortakligi\/#breadcrumb\"},\"inLanguage\":\"tr\",\"potentialAction\":[{\"@type\":\"ReadAction\",\"target\":[\"https:\/\/cesrey.com\/blog\/satis-ortakligi\/\"]}]},{\"@type\":\"BreadcrumbList\",\"@id\":\"https:\/\/cesrey.com\/blog\/satis-ortakligi\/#breadcrumb\",\"itemListElement\":[{\"@type\":\"ListItem\",\"position\":1,\"name\":\"Anasayfa\",\"item\":\"https:\/\/cesrey.com\/blog\/\"},{\"@type\":\"ListItem\",\"position\":2,\"name\":\"Sat\u0131\u015f Ortakl\u0131\u011f\u0131\"}]},{\"@type\":\"WebSite\",\"@id\":\"https:\/\/cesrey.com\/blog\/#website\",\"url\":\"https:\/\/cesrey.com\/blog\/\",\"name\":\"Cesrey Web Hosting Blog\",\"description\":\"\",\"publisher\":{\"@id\":\"https:\/\/cesrey.com\/blog\/#organization\"},\"potentialAction\":[{\"@type\":\"SearchAction\",\"target\":{\"@type\":\"EntryPoint\",\"urlTemplate\":\"https:\/\/cesrey.com\/blog\/?s={search_term_string}\"},\"query-input\":\"required name=search_term_string\"}],\"inLanguage\":\"tr\"},{\"@type\":\"Organization\",\"@id\":\"https:\/\/cesrey.com\/blog\/#organization\",\"name\":\"Cesrey Web Hosting Blog\",\"url\":\"https:\/\/cesrey.com\/blog\/\",\"logo\":{\"@type\":\"ImageObject\",\"inLanguage\":\"tr\",\"@id\":\"https:\/\/cesrey.com\/blog\/#\/schema\/logo\/image\/\",\"url\":\"https:\/\/cesrey.com\/blog\/wp-content\/uploads\/2023\/01\/cesrey_Calisma-Yuzeyi-1.png\",\"contentUrl\":\"https:\/\/cesrey.com\/blog\/wp-content\/uploads\/2023\/01\/cesrey_Calisma-Yuzeyi-1.png\",\"width\":1470,\"height\":391,\"caption\":\"Cesrey Web Hosting Blog\"},\"image\":{\"@id\":\"https:\/\/cesrey.com\/blog\/#\/schema\/logo\/image\/\"}}]}<\/script>\n<!-- \/ Yoast SEO plugin. -->","yoast_head_json":{"title":"Sat\u0131\u015f Ortakl\u0131\u011f\u0131 - Cesrey Web Hosting Blog","robots":{"index":"index","follow":"follow","max-snippet":"max-snippet:-1","max-image-preview":"max-image-preview:large","max-video-preview":"max-video-preview:-1"},"canonical":"https:\/\/cesrey.com\/blog\/satis-ortakligi\/","og_locale":"tr_TR","og_type":"article","og_title":"Sat\u0131\u015f Ortakl\u0131\u011f\u0131 - Cesrey Web Hosting Blog","og_description":"cesrey.com Sat\u0131\u015f ortakl\u0131\u011f\u0131 sistemi Bolu Merkezli Cesrey Bili\u015fim Teknolojileri A.\u015e Veri merkezi hizmetleri sunan teknoloji \u015firketimize kazand\u0131rd\u0131\u011f\u0131n\u0131z her yeni m\u00fc\u015fterinin ger\u00e7ekle\u015ftirmi\u015f oldu\u011fu sipari\u015f \u00fczerinden %30 komisyon alma imkan\u0131 sa\u011fl\u0131yoruz. Sistemimizde kay\u0131t i\u015flemlerini takip etmek i\u00e7in cookie (\u00e7erez) y\u00f6ntemi kullan\u0131lmakta olup referans ba\u011flant\u0131n\u0131z ile gelen ziyaret\u00e7ilerin cookie (\u00e7erez) bilgileri 90 g\u00fcn ge\u00e7erlidir. Yani referans ba\u011flant\u0131n\u0131z\u0131 kullanarak [&hellip;]","og_url":"https:\/\/cesrey.com\/blog\/satis-ortakligi\/","og_site_name":"Cesrey Web Hosting Blog","og_image":[{"width":850,"height":417,"url":"https:\/\/cesrey.com\/blog\/wp-content\/uploads\/2023\/02\/satis-ortakligi-nedir.jpg","type":"image\/jpeg"}],"twitter_card":"summary_large_image","twitter_misc":{"Tahmini okuma s\u00fcresi":"1 dakika"},"schema":{"@context":"https:\/\/schema.org","@graph":[{"@type":"WebPage","@id":"https:\/\/cesrey.com\/blog\/satis-ortakligi\/","url":"https:\/\/cesrey.com\/blog\/satis-ortakligi\/","name":"Sat\u0131\u015f Ortakl\u0131\u011f\u0131 - Cesrey Web Hosting Blog","isPartOf":{"@id":"https:\/\/cesrey.com\/blog\/#website"},"datePublished":"2023-02-11T07:40:49+00:00","dateModified":"2023-02-11T07:40:49+00:00","breadcrumb":{"@id":"https:\/\/cesrey.com\/blog\/satis-ortakligi\/#breadcrumb"},"inLanguage":"tr","potentialAction":[{"@type":"ReadAction","target":["https:\/\/cesrey.com\/blog\/satis-ortakligi\/"]}]},{"@type":"BreadcrumbList","@id":"https:\/\/cesrey.com\/blog\/satis-ortakligi\/#breadcrumb","itemListElement":[{"@type":"ListItem","position":1,"name":"Anasayfa","item":"https:\/\/cesrey.com\/blog\/"},{"@type":"ListItem","position":2,"name":"Sat\u0131\u015f Ortakl\u0131\u011f\u0131"}]},{"@type":"WebSite","@id":"https:\/\/cesrey.com\/blog\/#website","url":"https:\/\/cesrey.com\/blog\/","name":"Cesrey Web Hosting Blog","description":"","publisher":{"@id":"https:\/\/cesrey.com\/blog\/#organization"},"potentialAction":[{"@type":"SearchAction","target":{"@type":"EntryPoint","urlTemplate":"https:\/\/cesrey.com\/blog\/?s={search_term_string}"},"query-input":"required name=search_term_string"}],"inLanguage":"tr"},{"@type":"Organization","@id":"https:\/\/cesrey.com\/blog\/#organization","name":"Cesrey Web Hosting Blog","url":"https:\/\/cesrey.com\/blog\/","logo":{"@type":"ImageObject","inLanguage":"tr","@id":"https:\/\/cesrey.com\/blog\/#\/schema\/logo\/image\/","url":"https:\/\/cesrey.com\/blog\/wp-content\/uploads\/2023\/01\/cesrey_Calisma-Yuzeyi-1.png","contentUrl":"https:\/\/cesrey.com\/blog\/wp-content\/uploads\/2023\/01\/cesrey_Calisma-Yuzeyi-1.png","width":1470,"height":391,"caption":"Cesrey Web Hosting Blog"},"image":{"@id":"https:\/\/cesrey.com\/blog\/#\/schema\/logo\/image\/"}}]}},"_links":{"self":[{"href":"https:\/\/cesrey.com\/blog\/wp-json\/wp\/v2\/pages\/11","targetHints":{"allow":["GET"]}}],"collection":[{"href":"https:\/\/cesrey.com\/blog\/wp-json\/wp\/v2\/pages"}],"about":[{"href":"https:\/\/cesrey.com\/blog\/wp-json\/wp\/v2\/types\/page"}],"author":[{"embeddable":true,"href":"https:\/\/cesrey.com\/blog\/wp-json\/wp\/v2\/users\/1"}],"replies":[{"embeddable":true,"href":"https:\/\/cesrey.com\/blog\/wp-json\/wp\/v2\/comments?post=11"}],"version-history":[{"count":1,"href":"https:\/\/cesrey.com\/blog\/wp-json\/wp\/v2\/pages\/11\/revisions"}],"predecessor-version":[{"id":14,"href":"https:\/\/cesrey.com\/blog\/wp-json\/wp\/v2\/pages\/11\/revisions\/14"}],"wp:featuredmedia":[{"embeddable":true,"href":"https:\/\/cesrey.com\/blog\/wp-json\/wp\/v2\/media\/12"}],"wp:attachment":[{"href":"https:\/\/cesrey.com\/blog\/wp-json\/wp\/v2\/media?parent=11"}],"curies":[{"name":"wp","href":"https:\/\/api.w.org\/{rel}","templated":true}]}}